{"id":207,"date":"2023-11-20T15:18:29","date_gmt":"2023-11-20T15:18:29","guid":{"rendered":"https:\/\/solivi.it\/?page_id=207"},"modified":"2023-11-30T11:32:21","modified_gmt":"2023-11-30T11:32:21","slug":"vini","status":"publish","type":"page","link":"https:\/\/solivi.it\/index.php\/vini\/","title":{"rendered":"Vini"},"content":{"rendered":"\t\t<div data-elementor-type=\"wp-page\" data-elementor-id=\"207\" class=\"elementor elementor-207\" data-elementor-post-type=\"page\">\n\t\t\t\t\t\t\t<div class=\"elementor-element elementor-element-8841eff e-con-full e-flex e-con e-parent\" data-id=\"8841eff\" data-element_type=\"container\" data-settings=\"{&quot;content_width&quot;:&quot;full&quot;}\" data-core-v316-plus=\"true\">\n\t\t<div class=\"elementor-element elementor-element-974725a e-con-full e-flex e-con e-child\" data-id=\"974725a\" data-element_type=\"container\" data-settings=\"{&quot;content_width&quot;:&quot;full&quot;}\">\n\t\t\t\t<div class=\"elementor-element elementor-element-16e72eb elementor-invisible elementor-widget elementor-widget-heading\" data-id=\"16e72eb\" data-element_type=\"widget\" data-settings=\"{&quot;_animation&quot;:&quot;fadeInRight&quot;}\" data-widget_type=\"heading.default\">\n\t\t\t\t<div class=\"elementor-widget-container\">\n\t\t\t<style>\/*! elementor - v3.17.0 - 01-11-2023 *\/\n.elementor-heading-title{padding:0;margin:0;line-height:1}.elementor-widget-heading .elementor-heading-title[class*=elementor-size-]>a{color:inherit;font-size:inherit;line-height:inherit}.elementor-widget-heading .elementor-heading-title.elementor-size-small{font-size:15px}.elementor-widget-heading .elementor-heading-title.elementor-size-medium{font-size:19px}.elementor-widget-heading .elementor-heading-title.elementor-size-large{font-size:29px}.elementor-widget-heading .elementor-heading-title.elementor-size-xl{font-size:39px}.elementor-widget-heading .elementor-heading-title.elementor-size-xxl{font-size:59px}<\/style><h2 class=\"elementor-heading-title elementor-size-default\">A RIFERMENTAZIONE IN BOTTIGLIA<\/h2>\t\t<\/div>\n\t\t\t\t<\/div>\n\t\t\t\t<div class=\"elementor-element elementor-element-38575fe elementor-widget elementor-widget-heading\" data-id=\"38575fe\" data-element_type=\"widget\" data-widget_type=\"heading.default\">\n\t\t\t\t<div class=\"elementor-widget-container\">\n\t\t\t<h2 class=\"elementor-heading-title elementor-size-default\">In fondo\u2026 c\u2019\u00e8 il fondo<\/h2>\t\t<\/div>\n\t\t\t\t<\/div>\n\t\t\t\t<div class=\"elementor-element elementor-element-da49bce elementor-widget elementor-widget-text-editor\" data-id=\"da49bce\" data-element_type=\"widget\" data-widget_type=\"text-editor.default\">\n\t\t\t\t<div class=\"elementor-widget-container\">\n\t\t\t<style>\/*! elementor - v3.17.0 - 01-11-2023 *\/\n.elementor-widget-text-editor.elementor-drop-cap-view-stacked .elementor-drop-cap{background-color:#69727d;color:#fff}.elementor-widget-text-editor.elementor-drop-cap-view-framed .elementor-drop-cap{color:#69727d;border:3px solid;background-color:transparent}.elementor-widget-text-editor:not(.elementor-drop-cap-view-default) .elementor-drop-cap{margin-top:8px}.elementor-widget-text-editor:not(.elementor-drop-cap-view-default) .elementor-drop-cap-letter{width:1em;height:1em}.elementor-widget-text-editor .elementor-drop-cap{float:left;text-align:center;line-height:1;font-size:50px}.elementor-widget-text-editor .elementor-drop-cap-letter{display:inline-block}<\/style>\t\t\t\t<p>Scopri l\u2019elegante autenticit\u00e0 del bianco a rifermentazione in bottiglia. Questo vino frizzante, prodotto interamente nella nostra regione. \u00c8 caratterizzato dal tappo corona, per questo motivo \u00e8 il re della nostra cantina, la sua produzione arcaica, senza l\u2019utilizzo delle autoclavi gli conferisce l\u2019assenza di solforosa libera e zuccheri aggiunti. I nostri vigneti, coltivati con cura e raccolti a mano, donano al vino il tipico profumo di crosta di pane che si amalgama perfettamente con i sentori di fiori bianchi, mela, frutti esotici e pietra focaia.<\/p><p>\u00c8 un vino bianco molto secco, ben bilanciato e dal carattere distintivo. Durante la rifermentazione in bottiglia, si sviluppa un sedimento naturale sul fondo, che testimonia la sua autenticit\u00e0 artigianale. Ogni suo sorso ti trasporter\u00e0 nel cuore del Valdobbiadene, offrendoti un\u2019esperienza di gusto unica e indimenticabile.<\/p>\t\t\t\t\t\t<\/div>\n\t\t\t\t<\/div>\n\t\t\t\t<\/div>\n\t\t<div class=\"elementor-element elementor-element-1e4b530 e-con-full e-flex e-con e-child\" data-id=\"1e4b530\" data-element_type=\"container\" data-settings=\"{&quot;content_width&quot;:&quot;full&quot;}\">\n\t\t\t\t<div class=\"elementor-element elementor-element-d465b97 elementor-widget elementor-widget-image\" data-id=\"d465b97\" data-element_type=\"widget\" data-widget_type=\"image.default\">\n\t\t\t\t<div class=\"elementor-widget-container\">\n\t\t\t<style>\/*! elementor - v3.17.0 - 01-11-2023 *\/\n.elementor-widget-image{text-align:center}.elementor-widget-image a{display:inline-block}.elementor-widget-image a img[src$=\".svg\"]{width:48px}.elementor-widget-image img{vertical-align:middle;display:inline-block}<\/style>\t\t\t\t\t\t\t\t\t\t\t\t<img fetchpriority=\"high\" decoding=\"async\" width=\"681\" height=\"1024\" src=\"https:\/\/solivi.it\/wp-content\/uploads\/2023\/11\/vettoretti_solivi1_v-681x1024.png\" class=\"attachment-large size-large wp-image-52\" alt=\"\" srcset=\"https:\/\/solivi.it\/wp-content\/uploads\/2023\/11\/vettoretti_solivi1_v-681x1024.png 681w, https:\/\/solivi.it\/wp-content\/uploads\/2023\/11\/vettoretti_solivi1_v-200x300.png 200w, https:\/\/solivi.it\/wp-content\/uploads\/2023\/11\/vettoretti_solivi1_v-768x1154.png 768w, https:\/\/solivi.it\/wp-content\/uploads\/2023\/11\/vettoretti_solivi1_v-1022x1536.png 1022w, https:\/\/solivi.it\/wp-content\/uploads\/2023\/11\/vettoretti_solivi1_v-1363x2048.png 1363w\" sizes=\"(max-width: 681px) 100vw, 681px\" \/>\t\t\t\t\t\t\t\t\t\t\t\t\t\t\t<\/div>\n\t\t\t\t<\/div>\n\t\t\t\t<\/div>\n\t\t\t\t<\/div>\n\t\t<div class=\"elementor-element elementor-element-148d0d0 e-con-full e-flex e-con e-parent\" data-id=\"148d0d0\" data-element_type=\"container\" data-settings=\"{&quot;content_width&quot;:&quot;full&quot;}\" data-core-v316-plus=\"true\">\n\t\t<div class=\"elementor-element elementor-element-3bf2e32 e-con-full elementor-hidden-mobile e-flex e-con e-child\" data-id=\"3bf2e32\" data-element_type=\"container\" data-settings=\"{&quot;content_width&quot;:&quot;full&quot;}\">\n\t\t\t\t<div class=\"elementor-element elementor-element-2fe2700 elementor-widget elementor-widget-image\" data-id=\"2fe2700\" data-element_type=\"widget\" data-widget_type=\"image.default\">\n\t\t\t\t<div class=\"elementor-widget-container\">\n\t\t\t\t\t\t\t\t\t\t\t\t\t\t\t<img decoding=\"async\" width=\"681\" height=\"1024\" src=\"https:\/\/solivi.it\/wp-content\/uploads\/2023\/11\/vettoretti_brut-681x1024.png\" class=\"attachment-large size-large wp-image-47\" alt=\"\" srcset=\"https:\/\/solivi.it\/wp-content\/uploads\/2023\/11\/vettoretti_brut-681x1024.png 681w, https:\/\/solivi.it\/wp-content\/uploads\/2023\/11\/vettoretti_brut-200x300.png 200w, https:\/\/solivi.it\/wp-content\/uploads\/2023\/11\/vettoretti_brut-768x1154.png 768w, https:\/\/solivi.it\/wp-content\/uploads\/2023\/11\/vettoretti_brut-1022x1536.png 1022w, https:\/\/solivi.it\/wp-content\/uploads\/2023\/11\/vettoretti_brut-1363x2048.png 1363w\" sizes=\"(max-width: 681px) 100vw, 681px\" \/>\t\t\t\t\t\t\t\t\t\t\t\t\t\t\t<\/div>\n\t\t\t\t<\/div>\n\t\t\t\t<\/div>\n\t\t<div class=\"elementor-element elementor-element-4f3600b e-con-full e-flex e-con e-child\" data-id=\"4f3600b\" data-element_type=\"container\" data-settings=\"{&quot;content_width&quot;:&quot;full&quot;}\">\n\t\t\t\t<div class=\"elementor-element elementor-element-da15a37 elementor-invisible elementor-widget elementor-widget-heading\" data-id=\"da15a37\" data-element_type=\"widget\" data-settings=\"{&quot;_animation&quot;:&quot;fadeInRight&quot;}\" data-widget_type=\"heading.default\">\n\t\t\t\t<div class=\"elementor-widget-container\">\n\t\t\t<h2 class=\"elementor-heading-title elementor-size-default\">D.O.C.G BRUT<\/h2>\t\t<\/div>\n\t\t\t\t<\/div>\n\t\t\t\t<div class=\"elementor-element elementor-element-94e8fe0 elementor-widget elementor-widget-heading\" data-id=\"94e8fe0\" data-element_type=\"widget\" data-widget_type=\"heading.default\">\n\t\t\t\t<div class=\"elementor-widget-container\">\n\t\t\t<h2 class=\"elementor-heading-title elementor-size-default\">L'eleganza effervescente del Valdobbiadene<\/h2>\t\t<\/div>\n\t\t\t\t<\/div>\n\t\t\t\t<div class=\"elementor-element elementor-element-644dda5 elementor-widget elementor-widget-text-editor\" data-id=\"644dda5\" data-element_type=\"widget\" data-widget_type=\"text-editor.default\">\n\t\t\t\t<div class=\"elementor-widget-container\">\n\t\t\t\t\t\t\t<p>Esplora l\u2019eleganza effervescente del Valdobbiadene con \u201cD.O.C.G Brut\u201d. Questo spumante secco, prodotto interamente nella nostra regione, ti conquister\u00e0 con il suo tappo fungo e il suo carattere raffinato. Il suo colore giallo paglierino con riflessi verdognoli e il perlage persistente rendono ogni sorso un\u2019esperienza di puro piacere.<\/p><p>\u201cValdobbiadene D.O.C.G Brut\u201d si distingue per il suo profilo aromatico fine e fruttato, con sentori di mela Golden e fiori bianchi. Al palato, si presenta fresco ed equilibrato, con una buona persistenza. Questo vino \u00e8 l\u2019accompagnamento ideale per antipasti e secondi di pesce, esaltando i sapori dei piatti.<\/p><p>I nostri vigneti, curati con passione e vendemmiati a mano, garantiscono la massima qualit\u00e0 delle uve utilizzate per \u201cD.O.C.G Brut\u201d. Ogni sorso di questo vino ti trasporter\u00e0 nella regione del Valdobbiadene, offrendoti un\u2019esperienza di gusto raffinata e indimenticabile. Goditi l\u2019eleganza effervescente di \u201cD.O.C.G Brut\u201d in ogni occasione.<\/p>\t\t\t\t\t\t<\/div>\n\t\t\t\t<\/div>\n\t\t\t\t<div class=\"elementor-element elementor-element-ae8085d elementor-hidden-desktop elementor-hidden-tablet elementor-widget elementor-widget-image\" data-id=\"ae8085d\" data-element_type=\"widget\" data-widget_type=\"image.default\">\n\t\t\t\t<div class=\"elementor-widget-container\">\n\t\t\t\t\t\t\t\t\t\t\t\t\t\t\t<img decoding=\"async\" width=\"681\" height=\"1024\" src=\"https:\/\/solivi.it\/wp-content\/uploads\/2023\/11\/vettoretti_brut-681x1024.png\" class=\"attachment-large size-large wp-image-47\" alt=\"\" srcset=\"https:\/\/solivi.it\/wp-content\/uploads\/2023\/11\/vettoretti_brut-681x1024.png 681w, https:\/\/solivi.it\/wp-content\/uploads\/2023\/11\/vettoretti_brut-200x300.png 200w, https:\/\/solivi.it\/wp-content\/uploads\/2023\/11\/vettoretti_brut-768x1154.png 768w, https:\/\/solivi.it\/wp-content\/uploads\/2023\/11\/vettoretti_brut-1022x1536.png 1022w, https:\/\/solivi.it\/wp-content\/uploads\/2023\/11\/vettoretti_brut-1363x2048.png 1363w\" sizes=\"(max-width: 681px) 100vw, 681px\" \/>\t\t\t\t\t\t\t\t\t\t\t\t\t\t\t<\/div>\n\t\t\t\t<\/div>\n\t\t\t\t<\/div>\n\t\t\t\t<\/div>\n\t\t<div class=\"elementor-element elementor-element-f7f68f6 e-flex e-con-boxed e-con e-parent\" data-id=\"f7f68f6\" data-element_type=\"container\" data-settings=\"{&quot;content_width&quot;:&quot;boxed&quot;}\" data-core-v316-plus=\"true\">\n\t\t\t\t\t<div class=\"e-con-inner\">\n\t\t\t\t<div class=\"elementor-element elementor-element-a7c1bc5 elementor-widget elementor-widget-spacer\" data-id=\"a7c1bc5\" data-element_type=\"widget\" data-widget_type=\"spacer.default\">\n\t\t\t\t<div class=\"elementor-widget-container\">\n\t\t\t<style>\/*! elementor - v3.17.0 - 01-11-2023 *\/\n.elementor-column .elementor-spacer-inner{height:var(--spacer-size)}.e-con{--container-widget-width:100%}.e-con-inner>.elementor-widget-spacer,.e-con>.elementor-widget-spacer{width:var(--container-widget-width,var(--spacer-size));--align-self:var(--container-widget-align-self,initial);--flex-shrink:0}.e-con-inner>.elementor-widget-spacer>.elementor-widget-container,.e-con>.elementor-widget-spacer>.elementor-widget-container{height:100%;width:100%}.e-con-inner>.elementor-widget-spacer>.elementor-widget-container>.elementor-spacer,.e-con>.elementor-widget-spacer>.elementor-widget-container>.elementor-spacer{height:100%}.e-con-inner>.elementor-widget-spacer>.elementor-widget-container>.elementor-spacer>.elementor-spacer-inner,.e-con>.elementor-widget-spacer>.elementor-widget-container>.elementor-spacer>.elementor-spacer-inner{height:var(--container-widget-height,var(--spacer-size))}.e-con-inner>.elementor-widget-spacer.elementor-widget-empty,.e-con>.elementor-widget-spacer.elementor-widget-empty{position:relative;min-height:22px;min-width:22px}.e-con-inner>.elementor-widget-spacer.elementor-widget-empty .elementor-widget-empty-icon,.e-con>.elementor-widget-spacer.elementor-widget-empty .elementor-widget-empty-icon{position:absolute;top:0;bottom:0;left:0;right:0;margin:auto;padding:0;width:22px;height:22px}<\/style>\t\t<div class=\"elementor-spacer\">\n\t\t\t<div class=\"elementor-spacer-inner\"><\/div>\n\t\t<\/div>\n\t\t\t\t<\/div>\n\t\t\t\t<\/div>\n\t\t\t\t\t<\/div>\n\t\t\t\t<\/div>\n\t\t<div class=\"elementor-element elementor-element-3da1ec1 e-con-full e-flex e-con e-parent\" data-id=\"3da1ec1\" data-element_type=\"container\" data-settings=\"{&quot;content_width&quot;:&quot;full&quot;}\" data-core-v316-plus=\"true\">\n\t\t<div class=\"elementor-element elementor-element-2189c5a e-con-full e-flex e-con e-child\" data-id=\"2189c5a\" data-element_type=\"container\" data-settings=\"{&quot;content_width&quot;:&quot;full&quot;}\">\n\t\t\t\t<div class=\"elementor-element elementor-element-83bd5b3 elementor-invisible elementor-widget elementor-widget-heading\" data-id=\"83bd5b3\" data-element_type=\"widget\" data-settings=\"{&quot;_animation&quot;:&quot;fadeInRight&quot;}\" data-widget_type=\"heading.default\">\n\t\t\t\t<div class=\"elementor-widget-container\">\n\t\t\t<h2 class=\"elementor-heading-title elementor-size-default\">FRIZZANTE BIANCO<\/h2>\t\t<\/div>\n\t\t\t\t<\/div>\n\t\t\t\t<div class=\"elementor-element elementor-element-a950081 elementor-widget elementor-widget-heading\" data-id=\"a950081\" data-element_type=\"widget\" data-widget_type=\"heading.default\">\n\t\t\t\t<div class=\"elementor-widget-container\">\n\t\t\t<h2 class=\"elementor-heading-title elementor-size-default\">La freschezza frizzante del Valdobbiadene<\/h2>\t\t<\/div>\n\t\t\t\t<\/div>\n\t\t\t\t<div class=\"elementor-element elementor-element-a19d211 elementor-widget elementor-widget-text-editor\" data-id=\"a19d211\" data-element_type=\"widget\" data-widget_type=\"text-editor.default\">\n\t\t\t\t<div class=\"elementor-widget-container\">\n\t\t\t\t\t\t\t<p>Esplora la freschezza del \u201cFrizzante Bianco\u201d. Questo vino bianco amabile e fruttato, prodotto interamente nelle nostre terre, ti conquister\u00e0 con il suo tappo sughero raso e il suo carattere vivace. Il suo colore giallo paglierino brillante e il perlage fine e persistente rendono ogni sorso un\u2019esperienza piacevole.<\/p><p>I nostri vigneti, curati con passione e vendemmiati a mano, donano a \u201cFrizzante Bianco\u201d un profilo aromatico unico. Ogni sorso di questo vino ti trasporter\u00e0 direttamente nelle colline valdobbiadenesi, offrendoti un\u2019esplosione di freschezza e piacere. Goditi la vivacit\u00e0 e la dolcezza di \u201cFrizzante Bianco\u201d in ogni momento.<\/p>\t\t\t\t\t\t<\/div>\n\t\t\t\t<\/div>\n\t\t\t\t<\/div>\n\t\t<div class=\"elementor-element elementor-element-0d76fa0 e-con-full e-flex e-con e-child\" data-id=\"0d76fa0\" data-element_type=\"container\" data-settings=\"{&quot;content_width&quot;:&quot;full&quot;}\">\n\t\t\t\t<div class=\"elementor-element elementor-element-cb7a78c elementor-widget elementor-widget-image\" data-id=\"cb7a78c\" data-element_type=\"widget\" data-widget_type=\"image.default\">\n\t\t\t\t<div class=\"elementor-widget-container\">\n\t\t\t\t\t\t\t\t\t\t\t\t\t\t\t<img decoding=\"async\" width=\"681\" height=\"1024\" src=\"https:\/\/solivi.it\/wp-content\/uploads\/2023\/11\/vettoretti_solivi-681x1024.png\" class=\"attachment-large size-large wp-image-51\" alt=\"\" srcset=\"https:\/\/solivi.it\/wp-content\/uploads\/2023\/11\/vettoretti_solivi-681x1024.png 681w, https:\/\/solivi.it\/wp-content\/uploads\/2023\/11\/vettoretti_solivi-200x300.png 200w, https:\/\/solivi.it\/wp-content\/uploads\/2023\/11\/vettoretti_solivi-768x1154.png 768w, https:\/\/solivi.it\/wp-content\/uploads\/2023\/11\/vettoretti_solivi-1022x1536.png 1022w, https:\/\/solivi.it\/wp-content\/uploads\/2023\/11\/vettoretti_solivi-1363x2048.png 1363w\" sizes=\"(max-width: 681px) 100vw, 681px\" \/>\t\t\t\t\t\t\t\t\t\t\t\t\t\t\t<\/div>\n\t\t\t\t<\/div>\n\t\t\t\t<\/div>\n\t\t\t\t<\/div>\n\t\t<div class=\"elementor-element elementor-element-f841c10 e-con-full e-flex e-con e-parent\" data-id=\"f841c10\" data-element_type=\"container\" data-settings=\"{&quot;content_width&quot;:&quot;full&quot;}\" data-core-v316-plus=\"true\">\n\t\t<div class=\"elementor-element elementor-element-65b7c01 e-con-full elementor-hidden-mobile e-flex e-con e-child\" data-id=\"65b7c01\" data-element_type=\"container\" data-settings=\"{&quot;content_width&quot;:&quot;full&quot;}\">\n\t\t\t\t<div class=\"elementor-element elementor-element-7c92d5e elementor-widget elementor-widget-image\" data-id=\"7c92d5e\" data-element_type=\"widget\" data-widget_type=\"image.default\">\n\t\t\t\t<div class=\"elementor-widget-container\">\n\t\t\t\t\t\t\t\t\t\t\t\t\t\t\t<img loading=\"lazy\" decoding=\"async\" width=\"681\" height=\"1024\" src=\"https:\/\/solivi.it\/wp-content\/uploads\/2023\/11\/vettoretti_brut_n-1-681x1024.png\" class=\"attachment-large size-large wp-image-144\" alt=\"\" srcset=\"https:\/\/solivi.it\/wp-content\/uploads\/2023\/11\/vettoretti_brut_n-1-681x1024.png 681w, https:\/\/solivi.it\/wp-content\/uploads\/2023\/11\/vettoretti_brut_n-1-200x300.png 200w, https:\/\/solivi.it\/wp-content\/uploads\/2023\/11\/vettoretti_brut_n-1-768x1154.png 768w, https:\/\/solivi.it\/wp-content\/uploads\/2023\/11\/vettoretti_brut_n-1-1022x1536.png 1022w, https:\/\/solivi.it\/wp-content\/uploads\/2023\/11\/vettoretti_brut_n-1-1363x2048.png 1363w\" sizes=\"(max-width: 681px) 100vw, 681px\" \/>\t\t\t\t\t\t\t\t\t\t\t\t\t\t\t<\/div>\n\t\t\t\t<\/div>\n\t\t\t\t<\/div>\n\t\t<div class=\"elementor-element elementor-element-71d9c83 e-con-full e-flex e-con e-child\" data-id=\"71d9c83\" data-element_type=\"container\" data-settings=\"{&quot;content_width&quot;:&quot;full&quot;}\">\n\t\t\t\t<div class=\"elementor-element elementor-element-2df29d4 elementor-invisible elementor-widget elementor-widget-heading\" data-id=\"2df29d4\" data-element_type=\"widget\" data-settings=\"{&quot;_animation&quot;:&quot;fadeInRight&quot;}\" data-widget_type=\"heading.default\">\n\t\t\t\t<div class=\"elementor-widget-container\">\n\t\t\t<h2 class=\"elementor-heading-title elementor-size-default\">BRUT<\/h2>\t\t<\/div>\n\t\t\t\t<\/div>\n\t\t\t\t<div class=\"elementor-element elementor-element-874f09b elementor-widget elementor-widget-heading\" data-id=\"874f09b\" data-element_type=\"widget\" data-widget_type=\"heading.default\">\n\t\t\t\t<div class=\"elementor-widget-container\">\n\t\t\t<h2 class=\"elementor-heading-title elementor-size-default\">Scopri l'essenza dell'eleganza classica<\/h2>\t\t<\/div>\n\t\t\t\t<\/div>\n\t\t\t\t<div class=\"elementor-element elementor-element-eb14228 elementor-widget elementor-widget-text-editor\" data-id=\"eb14228\" data-element_type=\"widget\" data-widget_type=\"text-editor.default\">\n\t\t\t\t<div class=\"elementor-widget-container\">\n\t\t\t\t\t\t\t<p>Un brut cuv\u00e9e dal colore giallo paglierino intenso con un perlage fine e persistente. Questo vino fragrante e ben equilibrato offre un\u2019esperienza sensoriale unica. Con un\u2019ottima struttura e un contenuto di zuccheri di 8 g\/L, \u00e8 l\u2019ideale per celebrare ogni occasione con gusto e raffinatezza. Scopri l\u2019essenza del piacere in ogni sorso di questo spumante cuv\u00e9e di alta qualit\u00e0.<\/p>\t\t\t\t\t\t<\/div>\n\t\t\t\t<\/div>\n\t\t\t\t<div class=\"elementor-element elementor-element-ac40154 elementor-hidden-desktop elementor-hidden-tablet elementor-widget elementor-widget-image\" data-id=\"ac40154\" data-element_type=\"widget\" data-widget_type=\"image.default\">\n\t\t\t\t<div class=\"elementor-widget-container\">\n\t\t\t\t\t\t\t\t\t\t\t\t\t\t\t<img loading=\"lazy\" decoding=\"async\" width=\"681\" height=\"1024\" src=\"https:\/\/solivi.it\/wp-content\/uploads\/2023\/11\/vettoretti_brut_n-1-681x1024.png\" class=\"attachment-large size-large wp-image-144\" alt=\"\" srcset=\"https:\/\/solivi.it\/wp-content\/uploads\/2023\/11\/vettoretti_brut_n-1-681x1024.png 681w, https:\/\/solivi.it\/wp-content\/uploads\/2023\/11\/vettoretti_brut_n-1-200x300.png 200w, https:\/\/solivi.it\/wp-content\/uploads\/2023\/11\/vettoretti_brut_n-1-768x1154.png 768w, https:\/\/solivi.it\/wp-content\/uploads\/2023\/11\/vettoretti_brut_n-1-1022x1536.png 1022w, https:\/\/solivi.it\/wp-content\/uploads\/2023\/11\/vettoretti_brut_n-1-1363x2048.png 1363w\" sizes=\"(max-width: 681px) 100vw, 681px\" \/>\t\t\t\t\t\t\t\t\t\t\t\t\t\t\t<\/div>\n\t\t\t\t<\/div>\n\t\t\t\t<\/div>\n\t\t\t\t<\/div>\n\t\t\t\t\t\t\t<\/div>\n\t\t","protected":false},"excerpt":{"rendered":"<p>A RIFERMENTAZIONE IN BOTTIGLIA In fondo\u2026 c\u2019\u00e8 il fondo Scopri l\u2019elegante autenticit\u00e0 del bianco a rifermentazione in bottiglia. Questo vino frizzante, prodotto interamente nella nostra regione. \u00c8 caratterizzato dal tappo corona, per questo motivo \u00e8 il re della nostra cantina, la sua produzione arcaica, senza l\u2019utilizzo delle autoclavi gli conferisce l\u2019assenza di solforosa libera e [&hellip;]<\/p>\n","protected":false},"author":1,"featured_media":0,"parent":0,"menu_order":0,"comment_status":"closed","ping_status":"closed","template":"elementor_header_footer","meta":{"footnotes":""},"class_list":["post-207","page","type-page","status-publish","hentry"],"_links":{"self":[{"href":"https:\/\/solivi.it\/index.php\/wp-json\/wp\/v2\/pages\/207","targetHints":{"allow":["GET"]}}],"collection":[{"href":"https:\/\/solivi.it\/index.php\/wp-json\/wp\/v2\/pages"}],"about":[{"href":"https:\/\/solivi.it\/index.php\/wp-json\/wp\/v2\/types\/page"}],"author":[{"embeddable":true,"href":"https:\/\/solivi.it\/index.php\/wp-json\/wp\/v2\/users\/1"}],"replies":[{"embeddable":true,"href":"https:\/\/solivi.it\/index.php\/wp-json\/wp\/v2\/comments?post=207"}],"version-history":[{"count":31,"href":"https:\/\/solivi.it\/index.php\/wp-json\/wp\/v2\/pages\/207\/revisions"}],"predecessor-version":[{"id":388,"href":"https:\/\/solivi.it\/index.php\/wp-json\/wp\/v2\/pages\/207\/revisions\/388"}],"wp:attachment":[{"href":"https:\/\/solivi.it\/index.php\/wp-json\/wp\/v2\/media?parent=207"}],"curies":[{"name":"wp","href":"https:\/\/api.w.org\/{rel}","templated":true}]}}